{"id":9679,"date":"2020-04-09T13:43:19","date_gmt":"2020-04-09T05:43:19","guid":{"rendered":"http:\/\/www.cv.ncu.edu.tw\/riset\/laboratories\/structural-engineering-laboratory\/"},"modified":"2023-10-13T16:44:42","modified_gmt":"2023-10-13T08:44:42","slug":"structural-engineering-laboratory","status":"publish","type":"page","link":"https:\/\/www.cv.ncu.edu.tw\/id\/structural-engineering-laboratory\/","title":{"rendered":"Laboratorium Struktural"},"content":{"rendered":"\n<style type=\"text\/css\" data-created_by=\"avia_inline_auto\" id=\"style-css-av-k8s5ykgj-e2d2e43226f3ac80e2566ffe1e2a435d\">\n.avia-section.av-k8s5ykgj-e2d2e43226f3ac80e2566ffe1e2a435d{\nbackground-repeat:no-repeat;\nbackground-image:url(https:\/\/www.cv.ncu.edu.tw\/wp-content\/uploads\/2020\/04\/banner_ECCE.jpg);\nbackground-position:50% 50%;\nbackground-attachment:scroll;\n}\n<\/style>\n<div id='av_section_1'  class='avia-section av-k8s5ykgj-e2d2e43226f3ac80e2566ffe1e2a435d main_color avia-section-default avia-no-border-styling  avia-builder-el-0  el_before_av_one_full  avia-builder-el-first  avia-full-stretch avia-bg-style-scroll container_wrap sidebar_right'  data-section-bg-repeat='stretch'><div class='container av-section-cont-open' ><main  role=\"main\" itemprop=\"mainContentOfPage\"  class='template-page content  av-content-small alpha units'><div class='post-entry post-entry-type-page post-entry-9679'><div class='entry-content-wrapper clearfix'>\n\n<style type=\"text\/css\" data-created_by=\"avia_inline_auto\" id=\"style-css-av-41hzan-9701f853966495ee46d01470f59a03c6\">\n.flex_column.av-41hzan-9701f853966495ee46d01470f59a03c6{\nborder-radius:0px 0px 0px 0px;\npadding:30px 30px 30px 30px;\nbackground-color:rgba(0,0,0,0.76);\n}\n<\/style>\n<div  class='flex_column av-41hzan-9701f853966495ee46d01470f59a03c6 av_two_fifth  avia-builder-el-1  el_before_av_three_fifth  avia-builder-el-first  first flex_column_div av-animated-generic right-to-left  '     ><p>\n<style type=\"text\/css\" data-created_by=\"avia_inline_auto\" id=\"style-css-av-lnoczldh-0aed14845db45cdccbd9e7128096b90f\">\n#top .av-special-heading.av-lnoczldh-0aed14845db45cdccbd9e7128096b90f{\nmargin:0px 0px 0px 0px;\npadding-bottom:0;\ncolor:#ffffff;\nfont-size:28px;\n}\nbody .av-special-heading.av-lnoczldh-0aed14845db45cdccbd9e7128096b90f .av-special-heading-tag .heading-char{\nfont-size:25px;\n}\n#top #wrap_all .av-special-heading.av-lnoczldh-0aed14845db45cdccbd9e7128096b90f .av-special-heading-tag{\nfont-size:28px;\n}\n.av-special-heading.av-lnoczldh-0aed14845db45cdccbd9e7128096b90f .special-heading-inner-border{\nborder-color:#ffffff;\n}\n.av-special-heading.av-lnoczldh-0aed14845db45cdccbd9e7128096b90f .av-subheading{\nfont-size:15px;\n}\n\n@media only screen and (min-width: 480px) and (max-width: 767px){ \n#top #wrap_all .av-special-heading.av-lnoczldh-0aed14845db45cdccbd9e7128096b90f .av-special-heading-tag{\nfont-size:0.8em;\n}\n}\n\n@media only screen and (max-width: 479px){ \n#top #wrap_all .av-special-heading.av-lnoczldh-0aed14845db45cdccbd9e7128096b90f .av-special-heading-tag{\nfont-size:0.8em;\n}\n}\n<\/style>\n<div  class='av-special-heading av-lnoczldh-0aed14845db45cdccbd9e7128096b90f av-special-heading-h1 custom-color-heading blockquote modern-quote  avia-builder-el-2  el_before_av_hr  avia-builder-el-first  banner-title-1 av-inherit-size'><h1 class='av-special-heading-tag'  itemprop=\"headline\"  >Laboratorium Struktural<\/h1><div class=\"special-heading-border\"><div class=\"special-heading-inner-border\"><\/div><\/div><\/div><br \/>\n\n<style type=\"text\/css\" data-created_by=\"avia_inline_auto\" id=\"style-css-av-k8s635ew-7ff8fac5086861d39117ecef98584274\">\n#top .hr.av-k8s635ew-7ff8fac5086861d39117ecef98584274{\nmargin-top:0px;\nmargin-bottom:0px;\n}\n.hr.av-k8s635ew-7ff8fac5086861d39117ecef98584274 .hr-inner{\nwidth:100%;\n}\n<\/style>\n<div  class='hr av-k8s635ew-7ff8fac5086861d39117ecef98584274 hr-custom  avia-builder-el-3  el_after_av_heading  el_before_av_heading  banner-line-1 hr-center hr-icon-no'><span class='hr-inner inner-border-av-border-fat'><span class=\"hr-inner-style\"><\/span><\/span><\/div><br \/>\n\n<style type=\"text\/css\" data-created_by=\"avia_inline_auto\" id=\"style-css-av-av_heading-032d4a18d737c7ddf5f260164c5e77de\">\n#top .av-special-heading.av-av_heading-032d4a18d737c7ddf5f260164c5e77de{\nmargin:0px 0px 0px 0px;\npadding-bottom:0;\ncolor:#ffffff;\n}\nbody .av-special-heading.av-av_heading-032d4a18d737c7ddf5f260164c5e77de .av-special-heading-tag .heading-char{\nfont-size:25px;\n}\n.av-special-heading.av-av_heading-032d4a18d737c7ddf5f260164c5e77de .special-heading-inner-border{\nborder-color:#ffffff;\n}\n.av-special-heading.av-av_heading-032d4a18d737c7ddf5f260164c5e77de .av-subheading{\nfont-size:15px;\n}\n<\/style>\n<div  class='av-special-heading av-av_heading-032d4a18d737c7ddf5f260164c5e77de av-special-heading-h5 custom-color-heading blockquote modern-quote  avia-builder-el-4  el_after_av_hr  avia-builder-el-last  banner-title-2'><h5 class='av-special-heading-tag'  itemprop=\"headline\"  >Experimental Center of Civil Engineering in National Central University<\/h5><div class=\"special-heading-border\"><div class=\"special-heading-inner-border\"><\/div><\/div><\/div><\/p><\/div>\n<style type=\"text\/css\" data-created_by=\"avia_inline_auto\" id=\"style-css-av-2vux8v-4ee353ed03a157cf4c890eb8adba1961\">\n.flex_column.av-2vux8v-4ee353ed03a157cf4c890eb8adba1961{\nborder-radius:0px 0px 0px 0px;\npadding:0px 0px 0px 0px;\n}\n<\/style>\n<div  class='flex_column av-2vux8v-4ee353ed03a157cf4c890eb8adba1961 av_three_fifth  avia-builder-el-5  el_after_av_two_fifth  avia-builder-el-last  flex_column_div av-zero-column-padding  '     ><\/div><\/div><\/div><\/main><!-- close content main element --><\/div><\/div><div id='after_section_1'  class='main_color av_default_container_wrap container_wrap sidebar_right'  ><div class='container av-section-cont-open' ><div class='template-page content  av-content-small alpha units'><div class='post-entry post-entry-type-page post-entry-9679'><div class='entry-content-wrapper clearfix'>\n<style type=\"text\/css\" data-created_by=\"avia_inline_auto\" id=\"style-css-av-3z3e0f-9ccba77287acbaa83c524d47822d59a4\">\n.flex_column.av-3z3e0f-9ccba77287acbaa83c524d47822d59a4{\nborder-radius:0px 0px 0px 0px;\npadding:0px 0px 0px 0px;\n}\n<\/style>\n<div  class='flex_column av-3z3e0f-9ccba77287acbaa83c524d47822d59a4 av_one_full  avia-builder-el-6  el_after_av_section  el_before_av_three_fifth  avia-builder-el-first  first flex_column_div av-zero-column-padding  '     ><style type=\"text\/css\" data-created_by=\"avia_inline_auto\" id=\"style-css-av-lnod1qmk-f2a4741c9b90bf1c7b11474dbe400a02\">\n#top .av-special-heading.av-lnod1qmk-f2a4741c9b90bf1c7b11474dbe400a02{\nmargin:0px 0px 0px 0px;\npadding-bottom:0;\n}\nbody .av-special-heading.av-lnod1qmk-f2a4741c9b90bf1c7b11474dbe400a02 .av-special-heading-tag .heading-char{\nfont-size:25px;\n}\n.av-special-heading.av-lnod1qmk-f2a4741c9b90bf1c7b11474dbe400a02 .av-subheading{\nfont-size:15px;\n}\n<\/style>\n<div  class='av-special-heading av-lnod1qmk-f2a4741c9b90bf1c7b11474dbe400a02 av-special-heading-h3 blockquote modern-quote  avia-builder-el-7  avia-builder-el-no-sibling  block-title-style'><h3 class='av-special-heading-tag'  itemprop=\"headline\"  >Dinding Reaksi dan versi tanah yang kuat<\/h3><div class=\"special-heading-border\"><div class=\"special-heading-inner-border\"><\/div><\/div><\/div><\/div><div class='flex_column_table av-3z3e0f-9a8da8e6c9e6bf90cb65cf7c118ab340 sc-av_three_fifth av-equal-height-column-flextable'>\n<style type=\"text\/css\" data-created_by=\"avia_inline_auto\" id=\"style-css-av-3z3e0f-9a8da8e6c9e6bf90cb65cf7c118ab340\">\n.flex_column.av-3z3e0f-9a8da8e6c9e6bf90cb65cf7c118ab340{\nborder-radius:0px 0px 0px 0px;\npadding:0px 0px 0px 0px;\n}\n<\/style>\n<div  class='flex_column av-3z3e0f-9a8da8e6c9e6bf90cb65cf7c118ab340 av_three_fifth  avia-builder-el-8  el_after_av_one_full  el_before_av_two_fifth  first flex_column_table_cell av-equal-height-column av-align-top av-zero-column-padding  column-top-margin'     ><style type=\"text\/css\" data-created_by=\"avia_inline_auto\" id=\"style-css-av-5g6m0v-19fc8e8f305ee6c1c15005650d2a53d3\">\n#top .av_textblock_section.av-5g6m0v-19fc8e8f305ee6c1c15005650d2a53d3 .avia_textblock{\nfont-size:18px;\n}\n<\/style>\n<section  class='av_textblock_section av-5g6m0v-19fc8e8f305ee6c1c15005650d2a53d3 '   itemscope=\"itemscope\" itemtype=\"https:\/\/schema.org\/CreativeWork\" ><div class='avia_textblock'  itemprop=\"text\" ><blockquote>\n<p>Major Facilities:<\/p>\n<\/blockquote>\n<p><strong>1.Bi-axial Shaking Table<\/strong><\/p>\n<p style=\"padding-left: 30px;\">Table Size: 3 m \u00d7 2 m<\/p>\n<p style=\"padding-left: 30px;\">Maximum load: 6.0 ton<\/p>\n<p style=\"padding-left: 30px;\">Frequency: 0.01 ~ 50 Hz<\/p>\n<p><strong>2.Reaction Walls:<\/strong><\/p>\n<p style=\"padding-left: 30px;\">Three Single Walls:<\/p>\n<p style=\"padding-left: 30px;\">5.0m(W)\u00d77.0m(H)\u00d71.8m(T)<\/p>\n<p style=\"padding-left: 30px;\">One L-Shape Wall:<\/p>\n<p style=\"padding-left: 30px;\">15.0m(long leg)\u00d710.0m(short leg)\u00d77.0m(H)\u00d71.8m(T)<\/p>\n<p style=\"padding-left: 30px;\"><strong>3.Strong Floor:<\/strong><\/p>\n<p style=\"padding-left: 30px;\">45.0m(L)\u00d710.0m(W),50 T\/bolt hold<\/p>\n<p><strong>4. Hydraulic Power system<\/strong><\/p>\n<p style=\"padding-left: 30px;\">250 liter\/min<\/p>\n<p><strong>5. Servo-Hydraulic Actuators:<\/strong><\/p>\n<p style=\"padding-left: 30px;\">100 tons-two sets; 25 tons-one set<\/p>\n<p><strong>6. Computerized Control System<\/strong><\/p>\n<p><strong>7. Data Acquisition System<\/strong><\/p>\n<blockquote>\n<p>Tren Penelitian<\/p>\n<\/blockquote>\n<p>Rekayasa Jembatan, Perilaku Dinamis Struktur Baja, Mekanisme Kegagalan Struktur Beton, Perilaku Komposit dan Struktur yang Diperbaiki.<\/p>\n<\/div><\/section><\/div><div class='av-flex-placeholder'><\/div>\n<style type=\"text\/css\" data-created_by=\"avia_inline_auto\" id=\"style-css-av-3z3e0f-2bef232369999b085d76433f92bb0e5b\">\n.flex_column.av-3z3e0f-2bef232369999b085d76433f92bb0e5b{\nborder-radius:0px 0px 0px 0px;\npadding:0px 0px 0px 0px;\n}\n<\/style>\n<div  class='flex_column av-3z3e0f-2bef232369999b085d76433f92bb0e5b av_two_fifth  avia-builder-el-10  el_after_av_three_fifth  avia-builder-el-last  flex_column_table_cell av-equal-height-column av-align-top av-zero-column-padding  column-top-margin'     ><p>\n<style type=\"text\/css\" data-created_by=\"avia_inline_auto\" id=\"style-css-av-k8sc3j7d-d6e03aa95ad02338d0b1fc505ed49622\">\n.avia-image-container.av-k8sc3j7d-d6e03aa95ad02338d0b1fc505ed49622 img.avia_image{\nbox-shadow:none;\n}\n.avia-image-container.av-k8sc3j7d-d6e03aa95ad02338d0b1fc505ed49622 .av-image-caption-overlay-center{\ncolor:#ffffff;\n}\n<\/style>\n<div  class='avia-image-container av-k8sc3j7d-d6e03aa95ad02338d0b1fc505ed49622 av-styling-no-styling avia-align-center  avia-builder-el-11  el_before_av_textblock  avia-builder-el-first '   itemprop=\"image\" itemscope=\"itemscope\" itemtype=\"https:\/\/schema.org\/ImageObject\" ><div class=\"avia-image-container-inner\"><div class=\"avia-image-overlay-wrap\"><a href=\"https:\/\/www.cv.ncu.edu.tw\/wp-content\/uploads\/2020\/04\/1.2.1\u53cd\u529b\u7246\u53ca\u5f37\u529b\u5730\u677f\u5916\u89c0.jpg\" data-srcset=\"https:\/\/www.cv.ncu.edu.tw\/wp-content\/uploads\/2020\/04\/1.2.1\u53cd\u529b\u7246\u53ca\u5f37\u529b\u5730\u677f\u5916\u89c0.jpg 262w, https:\/\/www.cv.ncu.edu.tw\/wp-content\/uploads\/2020\/04\/1.2.1\u53cd\u529b\u7246\u53ca\u5f37\u529b\u5730\u677f\u5916\u89c0-260x175.jpg 260w\" data-sizes=\"(max-width: 262px) 100vw, 262px\" class='avia_image'  aria-label='1.2.1\u53cd\u529b\u7246\u53ca\u5f37\u529b\u5730\u677f\u5916\u89c0'><img decoding=\"async\" fetchpriority=\"high\" class='wp-image-9680 avia-img-lazy-loading-not-9680 avia_image ' src=\"https:\/\/www.cv.ncu.edu.tw\/wp-content\/uploads\/2020\/04\/1.2.1\u53cd\u529b\u7246\u53ca\u5f37\u529b\u5730\u677f\u5916\u89c0.jpg\" alt='' title='1.2.1\u53cd\u529b\u7246\u53ca\u5f37\u529b\u5730\u677f\u5916\u89c0'  height=\"175\" width=\"262\"  itemprop=\"thumbnailUrl\" srcset=\"https:\/\/www.cv.ncu.edu.tw\/wp-content\/uploads\/2020\/04\/1.2.1\u53cd\u529b\u7246\u53ca\u5f37\u529b\u5730\u677f\u5916\u89c0.jpg 262w, https:\/\/www.cv.ncu.edu.tw\/wp-content\/uploads\/2020\/04\/1.2.1\u53cd\u529b\u7246\u53ca\u5f37\u529b\u5730\u677f\u5916\u89c0-260x175.jpg 260w\" sizes=\"(max-width: 262px) 100vw, 262px\" \/><\/a><\/div><\/div><\/div><br \/>\n<section  class='av_textblock_section av-5g6m0v-62effe909f4a38e65311bfe92691f011 '   itemscope=\"itemscope\" itemtype=\"https:\/\/schema.org\/CreativeWork\" ><div class='avia_textblock'  itemprop=\"text\" ><p style=\"text-align: center;\">Dinding reaksi dan lantai yang kuat<\/p>\n<\/div><\/section><br \/>\n\n<style type=\"text\/css\" data-created_by=\"avia_inline_auto\" id=\"style-css-av-k8sc3j7d-f42691f5b721f92af6620fd1246c7901\">\n.avia-image-container.av-k8sc3j7d-f42691f5b721f92af6620fd1246c7901 img.avia_image{\nbox-shadow:none;\n}\n.avia-image-container.av-k8sc3j7d-f42691f5b721f92af6620fd1246c7901 .av-image-caption-overlay-center{\ncolor:#ffffff;\n}\n<\/style>\n<div  class='avia-image-container av-k8sc3j7d-f42691f5b721f92af6620fd1246c7901 av-styling-no-styling avia-align-center  avia-builder-el-13  el_after_av_textblock  el_before_av_textblock '   itemprop=\"image\" itemscope=\"itemscope\" itemtype=\"https:\/\/schema.org\/ImageObject\" ><div class=\"avia-image-container-inner\"><div class=\"avia-image-overlay-wrap\"><a href=\"https:\/\/www.cv.ncu.edu.tw\/wp-content\/uploads\/2020\/04\/1.2.1\u6cb9\u58d3\u52d5\u529b\u6a5f.jpg\" data-srcset=\"https:\/\/www.cv.ncu.edu.tw\/wp-content\/uploads\/2020\/04\/1.2.1\u6cb9\u58d3\u52d5\u529b\u6a5f.jpg 262w, https:\/\/www.cv.ncu.edu.tw\/wp-content\/uploads\/2020\/04\/1.2.1\u6cb9\u58d3\u52d5\u529b\u6a5f-260x175.jpg 260w\" data-sizes=\"(max-width: 262px) 100vw, 262px\" class='avia_image'  aria-label='1.2.1\u6cb9\u58d3\u52d5\u529b\u6a5f'><img decoding=\"async\" fetchpriority=\"high\" class='wp-image-9683 avia-img-lazy-loading-not-9683 avia_image ' src=\"https:\/\/www.cv.ncu.edu.tw\/wp-content\/uploads\/2020\/04\/1.2.1\u6cb9\u58d3\u52d5\u529b\u6a5f.jpg\" alt='' title='1.2.1\u6cb9\u58d3\u52d5\u529b\u6a5f'  height=\"175\" width=\"262\"  itemprop=\"thumbnailUrl\" srcset=\"https:\/\/www.cv.ncu.edu.tw\/wp-content\/uploads\/2020\/04\/1.2.1\u6cb9\u58d3\u52d5\u529b\u6a5f.jpg 262w, https:\/\/www.cv.ncu.edu.tw\/wp-content\/uploads\/2020\/04\/1.2.1\u6cb9\u58d3\u52d5\u529b\u6a5f-260x175.jpg 260w\" sizes=\"(max-width: 262px) 100vw, 262px\" \/><\/a><\/div><\/div><\/div><br \/>\n<section  class='av_textblock_section av-5g6m0v-62effe909f4a38e65311bfe92691f011 '   itemscope=\"itemscope\" itemtype=\"https:\/\/schema.org\/CreativeWork\" ><div class='avia_textblock'  itemprop=\"text\" ><p style=\"text-align: center;\">Motor hidrolik<\/p>\n<\/div><\/section><br \/>\n\n<style type=\"text\/css\" data-created_by=\"avia_inline_auto\" id=\"style-css-av-k8sc3j7d-d0ec97d2630d8b0627fc2c8097b01b92\">\n.avia-image-container.av-k8sc3j7d-d0ec97d2630d8b0627fc2c8097b01b92 img.avia_image{\nbox-shadow:none;\n}\n.avia-image-container.av-k8sc3j7d-d0ec97d2630d8b0627fc2c8097b01b92 .av-image-caption-overlay-center{\ncolor:#ffffff;\n}\n<\/style>\n<div  class='avia-image-container av-k8sc3j7d-d0ec97d2630d8b0627fc2c8097b01b92 av-styling-no-styling avia-align-center  avia-builder-el-15  el_after_av_textblock  el_before_av_textblock '   itemprop=\"image\" itemscope=\"itemscope\" itemtype=\"https:\/\/schema.org\/ImageObject\" ><div class=\"avia-image-container-inner\"><div class=\"avia-image-overlay-wrap\"><a href=\"https:\/\/www.cv.ncu.edu.tw\/wp-content\/uploads\/2020\/04\/1.2.1_\u6cb9\u58d3\u52d5\u529b\u7cfb\u7d71.jpg\" data-srcset=\"https:\/\/www.cv.ncu.edu.tw\/wp-content\/uploads\/2020\/04\/1.2.1_\u6cb9\u58d3\u52d5\u529b\u7cfb\u7d71.jpg 262w, https:\/\/www.cv.ncu.edu.tw\/wp-content\/uploads\/2020\/04\/1.2.1_\u6cb9\u58d3\u52d5\u529b\u7cfb\u7d71-260x175.jpg 260w\" data-sizes=\"(max-width: 262px) 100vw, 262px\" class='avia_image'  aria-label='1.2.1_\u6cb9\u58d3\u52d5\u529b\u7cfb\u7d71'><img decoding=\"async\" fetchpriority=\"high\" class='wp-image-9684 avia-img-lazy-loading-not-9684 avia_image ' src=\"https:\/\/www.cv.ncu.edu.tw\/wp-content\/uploads\/2020\/04\/1.2.1_\u6cb9\u58d3\u52d5\u529b\u7cfb\u7d71.jpg\" alt='' title='1.2.1_\u6cb9\u58d3\u52d5\u529b\u7cfb\u7d71'  height=\"175\" width=\"262\"  itemprop=\"thumbnailUrl\" srcset=\"https:\/\/www.cv.ncu.edu.tw\/wp-content\/uploads\/2020\/04\/1.2.1_\u6cb9\u58d3\u52d5\u529b\u7cfb\u7d71.jpg 262w, https:\/\/www.cv.ncu.edu.tw\/wp-content\/uploads\/2020\/04\/1.2.1_\u6cb9\u58d3\u52d5\u529b\u7cfb\u7d71-260x175.jpg 260w\" sizes=\"(max-width: 262px) 100vw, 262px\" \/><\/a><\/div><\/div><\/div><br \/>\n<section  class='av_textblock_section av-5g6m0v-62effe909f4a38e65311bfe92691f011 '   itemscope=\"itemscope\" itemtype=\"https:\/\/schema.org\/CreativeWork\" ><div class='avia_textblock'  itemprop=\"text\" ><p style=\"text-align: center;\">Sistem Tenaga Hidrolik<\/p>\n<\/div><\/section><br \/>\n\n<style type=\"text\/css\" data-created_by=\"avia_inline_auto\" id=\"style-css-av-k8sc3j7d-09545c23b105544dab83032bd8c63839\">\n.avia-image-container.av-k8sc3j7d-09545c23b105544dab83032bd8c63839 img.avia_image{\nbox-shadow:none;\n}\n.avia-image-container.av-k8sc3j7d-09545c23b105544dab83032bd8c63839 .av-image-caption-overlay-center{\ncolor:#ffffff;\n}\n<\/style>\n<div  class='avia-image-container av-k8sc3j7d-09545c23b105544dab83032bd8c63839 av-styling-no-styling avia-align-center  avia-builder-el-17  el_after_av_textblock  el_before_av_textblock '   itemprop=\"image\" itemscope=\"itemscope\" itemtype=\"https:\/\/schema.org\/ImageObject\" ><div class=\"avia-image-container-inner\"><div class=\"avia-image-overlay-wrap\"><a href=\"https:\/\/www.cv.ncu.edu.tw\/wp-content\/uploads\/2020\/04\/1.2.1\u632f\u52d5\u5e73\u53f01.jpg\" class='avia_image'  aria-label='1.2.1\u632f\u52d5\u5e73\u53f01'><img decoding=\"async\" fetchpriority=\"high\" class='wp-image-9685 avia-img-lazy-loading-not-9685 avia_image ' src=\"https:\/\/www.cv.ncu.edu.tw\/wp-content\/uploads\/2020\/04\/1.2.1\u632f\u52d5\u5e73\u53f01.jpg\" alt='' title='1.2.1\u632f\u52d5\u5e73\u53f01'  height=\"166\" width=\"275\"  itemprop=\"thumbnailUrl\"  \/><\/a><\/div><\/div><\/div><br \/>\n\n<style type=\"text\/css\" data-created_by=\"avia_inline_auto\" id=\"style-css-av-5g6m0v-19fc8e8f305ee6c1c15005650d2a53d3\">\n#top .av_textblock_section.av-5g6m0v-19fc8e8f305ee6c1c15005650d2a53d3 .avia_textblock{\nfont-size:18px;\n}\n<\/style>\n<section  class='av_textblock_section av-5g6m0v-19fc8e8f305ee6c1c15005650d2a53d3 '   itemscope=\"itemscope\" itemtype=\"https:\/\/schema.org\/CreativeWork\" ><div class='avia_textblock'  itemprop=\"text\" ><p style=\"text-align: center;\">Meja Goyang Bi-aksial<\/p>\n<\/div><\/section><\/p><\/div><\/div><!--close column table wrapper. Autoclose: 1 --><\/p>\n","protected":false},"excerpt":{"rendered":"","protected":false},"author":8,"featured_media":0,"parent":0,"menu_order":0,"comment_status":"closed","ping_status":"closed","template":"","meta":{"footnotes":""},"class_list":["post-9679","page","type-page","status-publish","hentry"],"_links":{"self":[{"href":"https:\/\/www.cv.ncu.edu.tw\/id\/wp-json\/wp\/v2\/pages\/9679","targetHints":{"allow":["GET"]}}],"collection":[{"href":"https:\/\/www.cv.ncu.edu.tw\/id\/wp-json\/wp\/v2\/pages"}],"about":[{"href":"https:\/\/www.cv.ncu.edu.tw\/id\/wp-json\/wp\/v2\/types\/page"}],"author":[{"embeddable":true,"href":"https:\/\/www.cv.ncu.edu.tw\/id\/wp-json\/wp\/v2\/users\/8"}],"replies":[{"embeddable":true,"href":"https:\/\/www.cv.ncu.edu.tw\/id\/wp-json\/wp\/v2\/comments?post=9679"}],"version-history":[{"count":2,"href":"https:\/\/www.cv.ncu.edu.tw\/id\/wp-json\/wp\/v2\/pages\/9679\/revisions"}],"predecessor-version":[{"id":9681,"href":"https:\/\/www.cv.ncu.edu.tw\/id\/wp-json\/wp\/v2\/pages\/9679\/revisions\/9681"}],"wp:attachment":[{"href":"https:\/\/www.cv.ncu.edu.tw\/id\/wp-json\/wp\/v2\/media?parent=9679"}],"curies":[{"name":"wp","href":"https:\/\/api.w.org\/{rel}","templated":true}]}}